{"id":63,"date":"2021-09-23T14:23:53","date_gmt":"2021-09-23T12:23:53","guid":{"rendered":"https:\/\/bb2030.fuerbeispiele.ch\/?page_id=63"},"modified":"2022-03-15T11:46:46","modified_gmt":"2022-03-15T10:46:46","slug":"informatik","status":"publish","type":"page","link":"https:\/\/bb2030.fuerbeispiele.ch\/?page_id=63","title":{"rendered":"Informatiker\/in EFZ"},"content":{"rendered":"\n<figure class=\"wp-block-image size-thumbnail\"><img loading=\"lazy\" decoding=\"async\" width=\"150\" height=\"150\" src=\"https:\/\/bb2030.fuerbeispiele.ch\/wp-content\/uploads\/2022\/03\/Urs-150x150.png\" alt=\"\" class=\"wp-image-990\" srcset=\"https:\/\/bb2030.fuerbeispiele.ch\/wp-content\/uploads\/2022\/03\/Urs-150x150.png 150w, https:\/\/bb2030.fuerbeispiele.ch\/wp-content\/uploads\/2022\/03\/Urs-300x300.png 300w, https:\/\/bb2030.fuerbeispiele.ch\/wp-content\/uploads\/2022\/03\/Urs-230x230.png 230w, https:\/\/bb2030.fuerbeispiele.ch\/wp-content\/uploads\/2022\/03\/Urs-350x350.png 350w, https:\/\/bb2030.fuerbeispiele.ch\/wp-content\/uploads\/2022\/03\/Urs-480x480.png 480w, https:\/\/bb2030.fuerbeispiele.ch\/wp-content\/uploads\/2022\/03\/Urs.png 525w\" sizes=\"auto, (max-width: 150px) 100vw, 150px\" \/><figcaption><em>Autor: Urs Dummermuth (UDU)<\/em><\/figcaption><\/figure>\n\n\n\n<h2 class=\"wp-block-heading\">Entwicklung des Berufsbildes<\/h2>\n\n\n\n<p>Ver\u00e4nderungen am Markt manifestieren sich in immer k\u00fcrzeren Abst\u00e4nden aufgrund von technologischen Entwicklungen, wie z.B. die \u00abK\u00fcnstliche Intelligenz KI\u00bb und den immer h\u00f6heren Anforderungen der Kunden in Bezug auf die Verf\u00fcgbarkeit. Rund um die Uhr an 365\u00a0Tagen im Jahr sollen Produkte und Dienstleitungen zur Verf\u00fcgung stehen.<\/p>\n\n\n\n<div class=\"wp-block-image\"><figure class=\"aligncenter size-large is-resized\"><img loading=\"lazy\" decoding=\"async\" src=\"https:\/\/bb2030.fuerbeispiele.ch\/wp-content\/uploads\/2021\/11\/Lernorte_Beziehungen-1024x798.png\" alt=\"\" class=\"wp-image-294\" width=\"378\" height=\"294\" srcset=\"https:\/\/bb2030.fuerbeispiele.ch\/wp-content\/uploads\/2021\/11\/Lernorte_Beziehungen-1024x798.png 1024w, https:\/\/bb2030.fuerbeispiele.ch\/wp-content\/uploads\/2021\/11\/Lernorte_Beziehungen-300x234.png 300w, https:\/\/bb2030.fuerbeispiele.ch\/wp-content\/uploads\/2021\/11\/Lernorte_Beziehungen-768x599.png 768w, https:\/\/bb2030.fuerbeispiele.ch\/wp-content\/uploads\/2021\/11\/Lernorte_Beziehungen-920x717.png 920w, https:\/\/bb2030.fuerbeispiele.ch\/wp-content\/uploads\/2021\/11\/Lernorte_Beziehungen-230x179.png 230w, https:\/\/bb2030.fuerbeispiele.ch\/wp-content\/uploads\/2021\/11\/Lernorte_Beziehungen-350x273.png 350w, https:\/\/bb2030.fuerbeispiele.ch\/wp-content\/uploads\/2021\/11\/Lernorte_Beziehungen-480x374.png 480w, https:\/\/bb2030.fuerbeispiele.ch\/wp-content\/uploads\/2021\/11\/Lernorte_Beziehungen.png 1056w\" sizes=\"auto, (max-width: 378px) 100vw, 378px\" \/><figcaption>Abb. 1 Kompetenzaufbau in den 3 Lernorten<\/figcaption><\/figure><\/div>\n\n\n\n<p>Treibende Kr\u00e4fte werden Branchenverb\u00e4nde und Grossfirmen sein \u2013 sogenannte Keyplayers. Der damit steigende Energiebedarf und der Klimaschutz werden uns zwingen, effizientere L\u00f6sungen zu finden und zu implementieren.<\/p>\n\n\n\n<p>Die Automatisierung im Generellen und die Produkte werden immer ausgereifter und stossen in neue Bereiche vor. Eine Support-Organisation wird noch flexibler und spezifischer. Zum Beispiel k\u00f6nnte eine Logistik-Firma selbstfahrende Fahrzeuge einsetzen. Bei Pannen oder Unf\u00e4llen w\u00fcrden die Reparaturteams sowie das Material mit Drohnen hingeflogen und ersch\u00f6pfte Teams k\u00f6nnten mit diesen ausgetauscht werden.<\/p>\n\n\n\n<p>Die Globalisierung hat schon heute grossen Einfluss auf das Verhalten der Kunden und (Online)Benutzer. Just-In-Time wird an Bedeutung gewinnen und das hat Auswirkungen auf die Ausbildung. Neue Informatik-Tools und Programme werden diesen Effekt in absehbarer Zeit noch verst\u00e4rken und m\u00fcssen gelernt werden. Lehrpersonen k\u00f6nnen nicht immer alles abdecken, auch hier braucht es eine engere Zusammenarbeit und ein st\u00e4ndiges Lernen.<\/p>\n\n\n\n<h2 class=\"wp-block-heading\">Smartlearn (UDU)<\/h2>\n\n\n\n<p><a href=\"https:\/\/bb2030.fuerbeispiele.ch\/?p=495\" data-type=\"post\" data-id=\"495\">Smartlearn-Projekt Digitalisierung<\/a> der gibb Berufsfachschule Bern (<a href=\"https:\/\/bb2030.fuerbeispiele.ch\/?tag=udu\" data-type=\"post_tag\" data-id=\"26\">UDU<\/a>)<\/p>\n\n\n\n<h2 class=\"wp-block-heading\">Berufsbild Informatik: Learning on Demand (FTH)<\/h2>\n\n\n\n<figure class=\"wp-block-image size-thumbnail\"><img loading=\"lazy\" decoding=\"async\" width=\"150\" height=\"150\" src=\"https:\/\/bb2030.fuerbeispiele.ch\/wp-content\/uploads\/2022\/03\/Fabrice-150x150.png\" alt=\"\" class=\"wp-image-996\" srcset=\"https:\/\/bb2030.fuerbeispiele.ch\/wp-content\/uploads\/2022\/03\/Fabrice-150x150.png 150w, https:\/\/bb2030.fuerbeispiele.ch\/wp-content\/uploads\/2022\/03\/Fabrice-300x300.png 300w, https:\/\/bb2030.fuerbeispiele.ch\/wp-content\/uploads\/2022\/03\/Fabrice-230x230.png 230w, https:\/\/bb2030.fuerbeispiele.ch\/wp-content\/uploads\/2022\/03\/Fabrice-350x350.png 350w, https:\/\/bb2030.fuerbeispiele.ch\/wp-content\/uploads\/2022\/03\/Fabrice-480x480.png 480w, https:\/\/bb2030.fuerbeispiele.ch\/wp-content\/uploads\/2022\/03\/Fabrice.png 525w\" sizes=\"auto, (max-width: 150px) 100vw, 150px\" \/><figcaption>Autor: <em>Fabrice Thut (FTH)<\/em><\/figcaption><\/figure>\n\n\n\n<blockquote class=\"wp-block-quote is-layout-flow wp-block-quote-is-layout-flow\"><p>Sich Fachwissen autodidaktisch anzueignen und seine Kompetenzen selbstst\u00e4ndig zu entwickeln ist in der Informatik das t\u00e4gliche Brot eines jeden Informatikers. <\/p><cite>Fabrice Thut<\/cite><\/blockquote>\n\n\n\n<p>Es gibt Online-Lernplattformen, welche einzelne Kurse anbieten zu bestimmten Themen &#8230;<br><a href=\"https:\/\/bb2030.fuerbeispiele.ch\/?p=472\">Link zum Artikel von Fabrice Thut<\/a><\/p>\n\n\n\n<p><a href=\"https:\/\/bb2030.fuerbeispiele.ch\/?p=589\" data-type=\"post\" data-id=\"589\">Pr\u00e4sentation\/Arena<\/a> &#8211; <a href=\"https:\/\/bb2030.fuerbeispiele.ch\/?page_id=63\">Informatiker\/in EFZ<\/a> &#8211; <a href=\"https:\/\/bb2030.fuerbeispiele.ch\/?page_id=79\" data-type=\"page\" data-id=\"79\">Fachmann\/Fachfrau Betriebsunterhalt EFZ<\/a> &#8211; <a href=\"https:\/\/bb2030.fuerbeispiele.ch\/?page_id=118\" data-type=\"page\" data-id=\"118\">Polymechaniker\/in EFZ<\/a> &#8211; <a href=\"https:\/\/bb2030.fuerbeispiele.ch\/?page_id=120\" data-type=\"page\" data-id=\"120\">Logistiker\/in EFZ<\/a> &#8211; <a href=\"https:\/\/bb2030.fuerbeispiele.ch\/?page_id=2\" data-type=\"page\" data-id=\"2\">Metallbauer\/in EFZ Fachrichtung Metallbau<\/a><\/p>\n","protected":false},"excerpt":{"rendered":"<p>Entwicklung des Berufsbildes Ver\u00e4nderungen am Markt manifestieren sich in immer k\u00fcrzeren Abst\u00e4nden [&hellip;]<\/p>\n","protected":false},"author":1,"featured_media":0,"parent":58,"menu_order":14,"comment_status":"closed","ping_status":"closed","template":"","meta":{"footnotes":""},"class_list":["post-63","page","type-page","status-publish","hentry"],"_links":{"self":[{"href":"https:\/\/bb2030.fuerbeispiele.ch\/index.php?rest_route=\/wp\/v2\/pages\/63","targetHints":{"allow":["GET"]}}],"collection":[{"href":"https:\/\/bb2030.fuerbeispiele.ch\/index.php?rest_route=\/wp\/v2\/pages"}],"about":[{"href":"https:\/\/bb2030.fuerbeispiele.ch\/index.php?rest_route=\/wp\/v2\/types\/page"}],"author":[{"embeddable":true,"href":"https:\/\/bb2030.fuerbeispiele.ch\/index.php?rest_route=\/wp\/v2\/users\/1"}],"replies":[{"embeddable":true,"href":"https:\/\/bb2030.fuerbeispiele.ch\/index.php?rest_route=%2Fwp%2Fv2%2Fcomments&post=63"}],"version-history":[{"count":35,"href":"https:\/\/bb2030.fuerbeispiele.ch\/index.php?rest_route=\/wp\/v2\/pages\/63\/revisions"}],"predecessor-version":[{"id":1057,"href":"https:\/\/bb2030.fuerbeispiele.ch\/index.php?rest_route=\/wp\/v2\/pages\/63\/revisions\/1057"}],"up":[{"embeddable":true,"href":"https:\/\/bb2030.fuerbeispiele.ch\/index.php?rest_route=\/wp\/v2\/pages\/58"}],"wp:attachment":[{"href":"https:\/\/bb2030.fuerbeispiele.ch\/index.php?rest_route=%2Fwp%2Fv2%2Fmedia&parent=63"}],"curies":[{"name":"wp","href":"https:\/\/api.w.org\/{rel}","templated":true}]}}