{"id":138,"date":"2021-09-24T09:13:11","date_gmt":"2021-09-24T07:13:11","guid":{"rendered":"https:\/\/bb2030.fuerbeispiele.ch\/?page_id=138"},"modified":"2022-03-14T15:17:21","modified_gmt":"2022-03-14T14:17:21","slug":"reflexion","status":"publish","type":"page","link":"https:\/\/bb2030.fuerbeispiele.ch\/?page_id=138","title":{"rendered":"Reflexion"},"content":{"rendered":"\n<h2 class=\"wp-block-heading\">Projekt BB2030<\/h2>\n\n\n\n<p>Berufsbildung 2030 ist eine Konsequenz aus dem Lehrplan 2021, welcher an den Obligatorischen Schulen umgesetzt wird. Die Idee hinter dem Lehrplan 2021 ist, dass der Unterricht unter anderem nach Kompetenzorientierung aufgebaut ist. Ob wir dies als Lehrperson gut oder schlecht finden, ist zweitrangig. Tatsache ist, dass wir im Jahre 2030 mit den ersten Lernenden aus diesem Lehrplan in der Berufsschule in Kontakt treten. Ein anderes Thema ist die Digitalisierung und das damit verbundene Selbstorganisierte Lernen. Manche Leute er\u00f6rtern, dass dies vor allem der Kosteneinsparung diene, andere sehen eine Chance dahinter. Auch hier ist es eine Tatsache, dass wir damit im Klassenzimmer immer mehr konfrontiert werden. Nun ist es also an uns, diese Sachen bestens in unseren Unterricht einfliessen zu lassen.<\/p>\n\n\n\n<p>Die Neuerung, welche uns 2030 im Klassenzimmer erreicht, ist sicherlich ein Profit f\u00fcr Lernstarke und wissbegierige Lernende. Kritischer sehen wir jedoch die Situation mit den Lernschwachen Lernenden. Hier werden sicherlich die Skills von Lehrern im Bereich Coaching gefragt sein. F\u00fcr uns Lehrer k\u00f6nnte zur Knacknuss werden, wie wir die Leistungsbeurteilung eines Kompetenzorientierten Unterricht umsetzen k\u00f6nnen. Bei der Digitalisierung hoffen wir, dass die Beh\u00f6rden alle Lernenden mit der gleich guten Hardware ausstatten. Andernfalls droht ein gesellschaftlicher Graben im Klassenzimmer, welcher in Abh\u00e4ngigkeit der Finanzen der Eltern entsteht. Hier sind wir klar der Meinung, dass alle mit den gleichen Grundvoraussetzungen starten sollten. Weiterhin sind wir \u00fcberzeugt, dass es auch in Zukunft eine gute Mischung an Didaktik im Unterricht braucht.<\/p>\n\n\n\n<p>Vermutlich wird auch hier am Schluss nicht so heiss gegessen, wie momentan noch gekocht wird.<\/p>\n\n\n\n<h2 class=\"wp-block-heading\">Gruppenprozess der Projektgruppe MINT<\/h2>\n\n\n\n<p>Der Gruppenprozess war r\u00fcckblickend eine gute Erfahrung f\u00fcr alle Beteiligten. Die Vorteile und Schwierigkeiten eines Gruppenprozesses wurden allen Beteiligten erneut aufgezeigt. Bedingt durch Covid-19 starteten wir den Gruppenauftrag digital im ersten Studienjahr. Basis unseres Teams war dabei Microsoft Teams. Der Start war nicht einfach, da gem\u00e4ss Gerhard Friedl im zweiten Studienjahr zus\u00e4tzlich neue Studierende zur Gruppe hinzustossen w\u00fcrden. Es war schwierig, einen Gruppenprozess zu starten, wenn man vorab schon wusste, dass es in der Gruppe noch \u00c4nderungen geben wird. Als wir das zweite Studienjahr begannen, kam mit Urs Dummermuth ein neues Gruppenmitglied dazu. Er f\u00fcgte sich schnell, mit seinen f\u00fcr uns zu Beginn schwer nachvollziehbaren Ideen, in unseren bestehenden Gruppenprozess ein. Nach einer gewissen Eingew\u00f6hnungszeit konnten wir stark von den Erfahrungen und vom Wissen von Urs Dummermuth profitieren. Sei es in Bezug auf den Umgang mit den verschiedenen Tools, oder in Bezug auf sein Wissen im Bereich des Projektmanagement. Es best\u00e4tigte das Erlebte von Filzbach, dass es nicht immer einfach ist, sich in einen bestehenden Gruppenprozess einzuf\u00fcgen oder dazuzustossen. Es war f\u00fcr alle Beteiligten der Gruppe ein lehrreicher Prozess, welcher alle Gruppenmitglieder forderte. Wie muss sich ein Lernender, der im zweiten Lehrjahr dazust\u00f6sst, wohl f\u00fchlen? Es ist stark abh\u00e4ngig, welche Position der Lernende in der bestehenden Gruppe einnimmt (Alpha-, Beta-, Gamma- oder Omega-Position). Das Fazit der Gruppe lautet: \u201eNach harzigem Start im zweiten Studienjahr mit neuem Gruppenmitglied folgte mit der Zeit, je l\u00e4nger wir uns durch gute Gespr\u00e4che kennenlernten, eine gute Gruppendynamik\u201c. Was nehmen wir mit? Es ist f\u00fcr einen neuen Lernenden nicht immer einfach sich in eine bestehende Gruppe zu integrieren. Jeder Lernende, der neu zur Klasse dazust\u00f6sst, ben\u00f6tigt seine Zeit, bis er von der Gruppe anerkannt wird. <strong>Ausgeschlossen <\/strong>und nicht<strong> anerkannt<\/strong> in der Gruppe zu sein, kann eine sehr herausfordernde Situation f\u00fcr alle Beteiligten bedeuten und ist ernst zu nehmen.<\/p>\n\n\n\n<p>Das <strong>Leary-Rad<\/strong> mit den verschiedenen Rollen im Gruppenprozess war auch in der MINT Gruppe deutlich zu erkennen. Jede der acht Rollen, die im Rad beschrieben werden, hat seine Schw\u00e4chen und St\u00e4rken. Wir als Gruppenmitglieder haben die Rollen w\u00e4hrend des Gruppenprozesses auch ver\u00e4ndert und angepasst. Jedes Gruppenmitglied kann eine der acht verschiedenen Rollen des Leary-Rads einnehmen. Es zeigte uns, je nach Rollenzusammensetzung finden sich die Gruppenmitglieder schneller, wodurch ein gutes Endprodukt entstehen wird. Es besteht auch die Gefahr, dass der Gruppenprozess je nach Rollenverteilung zum Scheitern verurteilt ist. Wir Studierenden mussten zuerst unsere eigenen Rollen finden und anpassen und somit stand dem Endprodukt des Kompetenznachweis des Berufsbilds 2030 nichts mehr im Wege.<\/p>\n\n\n\n<figure class=\"wp-block-image size-large\"><img loading=\"lazy\" decoding=\"async\" width=\"1024\" height=\"865\" src=\"https:\/\/bb2030.fuerbeispiele.ch\/wp-content\/uploads\/2022\/03\/Levy-Rad-1024x865.png\" alt=\"\" class=\"wp-image-946\" srcset=\"https:\/\/bb2030.fuerbeispiele.ch\/wp-content\/uploads\/2022\/03\/Levy-Rad-1024x865.png 1024w, https:\/\/bb2030.fuerbeispiele.ch\/wp-content\/uploads\/2022\/03\/Levy-Rad-300x253.png 300w, https:\/\/bb2030.fuerbeispiele.ch\/wp-content\/uploads\/2022\/03\/Levy-Rad-768x649.png 768w, https:\/\/bb2030.fuerbeispiele.ch\/wp-content\/uploads\/2022\/03\/Levy-Rad-920x777.png 920w, https:\/\/bb2030.fuerbeispiele.ch\/wp-content\/uploads\/2022\/03\/Levy-Rad-230x194.png 230w, https:\/\/bb2030.fuerbeispiele.ch\/wp-content\/uploads\/2022\/03\/Levy-Rad-350x296.png 350w, https:\/\/bb2030.fuerbeispiele.ch\/wp-content\/uploads\/2022\/03\/Levy-Rad-480x406.png 480w, https:\/\/bb2030.fuerbeispiele.ch\/wp-content\/uploads\/2022\/03\/Levy-Rad.png 1386w\" sizes=\"auto, (max-width: 1024px) 100vw, 1024px\" \/><\/figure>\n\n\n\n<p>Abb.&nbsp; 1&nbsp;Quelle: Skript aeB Modul 2 Gruppenprozesse in der Klasse begleiten<\/p>\n\n\n\n<p>Der Findungsprozess der verschiedenen Rollen in der Gruppe bietet einen guten \u00dcbergang zu den f\u00fcnf <strong>Gruppenphasen nach Tuckman. <\/strong>W\u00e4hrend unseres Projekts Berufsbild 2030, welches wir miteinander in der Gruppe realisieren durften, wurden die f\u00fcnf Gruppenphasen mal intensiver, mal ruhiger ausgelebt. Alle Phasen fanden aber auf bestimmte Art statt.<\/p>\n\n\n\n<p>In der <em>Orientierungsphase<\/em> war die Ideenvielfalt der einzelnen Gruppenmitglieder gross. Es wurde rege diskutiert und Ideen ausgetauscht. Trotzdem kamen wir noch nicht zu einem Endprodukt. Die <em>G\u00e4rphase <\/em>dauerte in der MINT Gruppe lange. Jeder wollte auf eine Art seine Ideen durchsetzen und sich einbringen. Es gab Phasen, da war die Gruppe nicht mehr l\u00f6sungsorientiert, sondern machtorientiert unterwegs. Die Gefahr bestand, dass die Gruppe auseinanderf\u00e4llt, da das Endziel nicht mehr im Mittelpunkt stand. Durch Aussprachen und Rollenanpassungen innerhalb der Gruppe \u00fcberstanden wir diese schwierige Phase des Gruppenprozesses.&nbsp;In der <em>Vertrauensphase<\/em> wurde die Akzeptanz f\u00fcr jedes Gruppenmitglied gr\u00f6sser. Die St\u00e4rken jedes Gruppenmitgliedes wurden in den Gruppenprozess integriert. In Bezug auf das Eisbergmodell ging es zu Beginn nur um die Sachebene und nicht um die Beziehungsebene. Das Vertrauen untereinander wurde immer gr\u00f6sser und die gegenseitige Wertsch\u00e4tzung in der Gruppe war vorhanden. Es stand also nichts mehr im Wege, mit der <em>Arbeitsphase<\/em> zu starten. Es wurden Termine definiert. Jeder bekam seine Aufgaben, die zu erledigen waren und wir trafen uns vor Ort, um uns auf die Pr\u00e4sentationen vorzubereiten. Jedes Gruppenmitglied konnte seinen Anteil des Arbeitsauftrags Berufsbild 2030 leisten. Das gegenseitige Unterst\u00fctzen in der Arbeitsphase war sp\u00fcrbar. Die Gruppe wurde noch mehr zusammengef\u00fchrt und es entstand ein Produkt, welches, so hoffen wir, f\u00fcr die Zuh\u00f6renden interessant sein wird.<\/p>\n\n\n\n<p>Und schon steht die Gruppe vor der <em>Trennungsphase. <\/em>Es wurde uns bewusst, dass wir nicht mit jedem Gruppenmitglied in die Ferien fahren w\u00fcrden, trotzdem hat und die Aufgabe sehr stark zusammengebracht. Wir k\u00f6nnen stolz auf uns sein, dass wir trotz Startschwierigkeiten ein Endprodukt erreichten.<\/p>\n\n\n\n<h2 class=\"wp-block-heading\">Was nehmen wir aus dem MINT Gruppenprozess mit?<\/h2>\n\n\n\n<p>Die eigenen Erfahrungen, die wir im Gruppenprozess machen durften, sind sicher in so mancher Situation im eigenen Unterricht hilfreich. Warum arbeiten die Lernenden nicht am Auftrag? In welcher Phase befinden sie sich? Warum gibt es St\u00f6rungen in der Gruppe? W\u00e4re es besser eine Gruppe selbst einzuteilen oder sollen sich die Lernenden selbst finden? Wir kamen zur Einsicht, dass es auf diese Fragen keine Musterl\u00f6sung geben wird. Was in der einen Klasse hervorragend funktioniert, wird mit einer anderen Klasse zum Desaster. Das Verst\u00e4ndnis zum Gruppenprozess wurde bei allen Gruppenmitgliedern ein weiteres Mal verst\u00e4rkt. Es hilft uns f\u00fcr die Zukunft, die eigenen Gruppenprozesse in den Klassen besser zu verstehen. <em>\u201eZusammenkommen ist ein Beginn. Zusammenbleiben, ein Fortschritt. Zusammenarbeiten, ist ein Erfolg\u201c, von Henry Ford.<\/em>&nbsp;<\/p>\n\n\n\n<p>Zum Abschluss ein Beitrag von Prof. Dr. Harald Lesch <a href=\"https:\/\/bb2030.fuerbeispiele.ch\/?p=834\" data-type=\"post\" data-id=\"834\">\u00abDiktatur der Digitalisierung?\u00bb<\/a><\/p>\n\n\n\n<figure class=\"wp-block-image size-large\"><img loading=\"lazy\" decoding=\"async\" width=\"1024\" height=\"576\" src=\"https:\/\/bb2030.fuerbeispiele.ch\/wp-content\/uploads\/2022\/03\/BFS-20LU-2_BB2030_Gruppe_MINT_Abschluss-1-1024x576.png\" alt=\"\" class=\"wp-image-1030\" srcset=\"https:\/\/bb2030.fuerbeispiele.ch\/wp-content\/uploads\/2022\/03\/BFS-20LU-2_BB2030_Gruppe_MINT_Abschluss-1-1024x576.png 1024w, https:\/\/bb2030.fuerbeispiele.ch\/wp-content\/uploads\/2022\/03\/BFS-20LU-2_BB2030_Gruppe_MINT_Abschluss-1-300x169.png 300w, https:\/\/bb2030.fuerbeispiele.ch\/wp-content\/uploads\/2022\/03\/BFS-20LU-2_BB2030_Gruppe_MINT_Abschluss-1-768x432.png 768w, https:\/\/bb2030.fuerbeispiele.ch\/wp-content\/uploads\/2022\/03\/BFS-20LU-2_BB2030_Gruppe_MINT_Abschluss-1-920x518.png 920w, https:\/\/bb2030.fuerbeispiele.ch\/wp-content\/uploads\/2022\/03\/BFS-20LU-2_BB2030_Gruppe_MINT_Abschluss-1-230x129.png 230w, https:\/\/bb2030.fuerbeispiele.ch\/wp-content\/uploads\/2022\/03\/BFS-20LU-2_BB2030_Gruppe_MINT_Abschluss-1-350x197.png 350w, https:\/\/bb2030.fuerbeispiele.ch\/wp-content\/uploads\/2022\/03\/BFS-20LU-2_BB2030_Gruppe_MINT_Abschluss-1-480x270.png 480w, https:\/\/bb2030.fuerbeispiele.ch\/wp-content\/uploads\/2022\/03\/BFS-20LU-2_BB2030_Gruppe_MINT_Abschluss-1.png 1280w\" sizes=\"auto, (max-width: 1024px) 100vw, 1024px\" \/><figcaption><em>Zusammenarbeiten und erfolgreich sein, ist erf\u00fclltes Leben!<\/em><\/figcaption><\/figure>\n\n\n\n<p>Link zu <a href=\"https:\/\/bb2030.fuerbeispiele.ch\/?p=589\" data-type=\"post\" data-id=\"589\">Pr\u00e4sentation\/Arena<\/a> <\/p>\n","protected":false},"excerpt":{"rendered":"<p>Projekt BB2030 Berufsbildung 2030 ist eine Konsequenz aus dem Lehrplan 2021, welcher [&hellip;]<\/p>\n","protected":false},"author":8,"featured_media":0,"parent":0,"menu_order":51,"comment_status":"closed","ping_status":"closed","template":"","meta":{"footnotes":""},"class_list":["post-138","page","type-page","status-publish","hentry"],"_links":{"self":[{"href":"https:\/\/bb2030.fuerbeispiele.ch\/index.php?rest_route=\/wp\/v2\/pages\/138","targetHints":{"allow":["GET"]}}],"collection":[{"href":"https:\/\/bb2030.fuerbeispiele.ch\/index.php?rest_route=\/wp\/v2\/pages"}],"about":[{"href":"https:\/\/bb2030.fuerbeispiele.ch\/index.php?rest_route=\/wp\/v2\/types\/page"}],"author":[{"embeddable":true,"href":"https:\/\/bb2030.fuerbeispiele.ch\/index.php?rest_route=\/wp\/v2\/users\/8"}],"replies":[{"embeddable":true,"href":"https:\/\/bb2030.fuerbeispiele.ch\/index.php?rest_route=%2Fwp%2Fv2%2Fcomments&post=138"}],"version-history":[{"count":18,"href":"https:\/\/bb2030.fuerbeispiele.ch\/index.php?rest_route=\/wp\/v2\/pages\/138\/revisions"}],"predecessor-version":[{"id":1031,"href":"https:\/\/bb2030.fuerbeispiele.ch\/index.php?rest_route=\/wp\/v2\/pages\/138\/revisions\/1031"}],"wp:attachment":[{"href":"https:\/\/bb2030.fuerbeispiele.ch\/index.php?rest_route=%2Fwp%2Fv2%2Fmedia&parent=138"}],"curies":[{"name":"wp","href":"https:\/\/api.w.org\/{rel}","templated":true}]}}