{"id":12,"date":"2021-09-23T12:08:57","date_gmt":"2021-09-23T10:08:57","guid":{"rendered":"https:\/\/bb2030.fuerbeispiele.ch\/?page_id=12"},"modified":"2022-03-11T15:05:08","modified_gmt":"2022-03-11T14:05:08","slug":"home","status":"publish","type":"page","link":"https:\/\/bb2030.fuerbeispiele.ch\/","title":{"rendered":"Berufsbildung Schweiz"},"content":{"rendered":"\n<h2 class=\"wp-block-heading\">Tradition und Innovation<\/h2>\n\n\n\n<p> Unsere St\u00e4rken &#8211; Fachkr\u00e4fte aus ganz Europa haben diese Vision umgesetzt und verwirklicht.<\/p>\n\n\n\n<figure class=\"wp-block-image size-large\"><img loading=\"lazy\" decoding=\"async\" width=\"1024\" height=\"576\" src=\"https:\/\/bb2030.fuerbeispiele.ch\/wp-content\/uploads\/2021\/11\/20211121_133004-1024x576.jpg\" alt=\"\" class=\"wp-image-399\" srcset=\"https:\/\/bb2030.fuerbeispiele.ch\/wp-content\/uploads\/2021\/11\/20211121_133004-1024x576.jpg 1024w, https:\/\/bb2030.fuerbeispiele.ch\/wp-content\/uploads\/2021\/11\/20211121_133004-300x169.jpg 300w, https:\/\/bb2030.fuerbeispiele.ch\/wp-content\/uploads\/2021\/11\/20211121_133004-768x432.jpg 768w, https:\/\/bb2030.fuerbeispiele.ch\/wp-content\/uploads\/2021\/11\/20211121_133004-1536x864.jpg 1536w, https:\/\/bb2030.fuerbeispiele.ch\/wp-content\/uploads\/2021\/11\/20211121_133004-2048x1152.jpg 2048w, https:\/\/bb2030.fuerbeispiele.ch\/wp-content\/uploads\/2021\/11\/20211121_133004-920x518.jpg 920w, https:\/\/bb2030.fuerbeispiele.ch\/wp-content\/uploads\/2021\/11\/20211121_133004-230x129.jpg 230w, https:\/\/bb2030.fuerbeispiele.ch\/wp-content\/uploads\/2021\/11\/20211121_133004-350x197.jpg 350w, https:\/\/bb2030.fuerbeispiele.ch\/wp-content\/uploads\/2021\/11\/20211121_133004-480x270.jpg 480w\" sizes=\"auto, (max-width: 1024px) 100vw, 1024px\" \/><figcaption>Zahlreiche Fachkr\u00e4fte erm\u00f6glichten eine &#8230;<\/figcaption><\/figure>\n\n\n\n<figure class=\"wp-block-image size-large\"><img loading=\"lazy\" decoding=\"async\" width=\"1512\" height=\"851\" src=\"https:\/\/bb2030.fuerbeispiele.ch\/wp-content\/uploads\/2021\/11\/20211121_140857-1-edited-1.jpg\" alt=\"\" class=\"wp-image-412\" srcset=\"https:\/\/bb2030.fuerbeispiele.ch\/wp-content\/uploads\/2021\/11\/20211121_140857-1-edited-1.jpg 1512w, https:\/\/bb2030.fuerbeispiele.ch\/wp-content\/uploads\/2021\/11\/20211121_140857-1-edited-1-300x169.jpg 300w, https:\/\/bb2030.fuerbeispiele.ch\/wp-content\/uploads\/2021\/11\/20211121_140857-1-edited-1-1024x576.jpg 1024w, https:\/\/bb2030.fuerbeispiele.ch\/wp-content\/uploads\/2021\/11\/20211121_140857-1-edited-1-768x432.jpg 768w, https:\/\/bb2030.fuerbeispiele.ch\/wp-content\/uploads\/2021\/11\/20211121_140857-1-edited-1-920x518.jpg 920w, https:\/\/bb2030.fuerbeispiele.ch\/wp-content\/uploads\/2021\/11\/20211121_140857-1-edited-1-230x129.jpg 230w, https:\/\/bb2030.fuerbeispiele.ch\/wp-content\/uploads\/2021\/11\/20211121_140857-1-edited-1-350x197.jpg 350w, https:\/\/bb2030.fuerbeispiele.ch\/wp-content\/uploads\/2021\/11\/20211121_140857-1-edited-1-480x270.jpg 480w\" sizes=\"auto, (max-width: 1512px) 100vw, 1512px\" \/><figcaption>&#8230; \u00fcber Hundert Jahre andauernde Erfolgsgeschichte &#8230;<\/figcaption><\/figure>\n\n\n\n<figure class=\"wp-block-image size-large\"><img loading=\"lazy\" decoding=\"async\" width=\"1024\" height=\"576\" src=\"https:\/\/bb2030.fuerbeispiele.ch\/wp-content\/uploads\/2021\/11\/20211121_132018-1024x576.jpg\" alt=\"\" class=\"wp-image-403\" srcset=\"https:\/\/bb2030.fuerbeispiele.ch\/wp-content\/uploads\/2021\/11\/20211121_132018-1024x576.jpg 1024w, https:\/\/bb2030.fuerbeispiele.ch\/wp-content\/uploads\/2021\/11\/20211121_132018-300x169.jpg 300w, https:\/\/bb2030.fuerbeispiele.ch\/wp-content\/uploads\/2021\/11\/20211121_132018-768x432.jpg 768w, https:\/\/bb2030.fuerbeispiele.ch\/wp-content\/uploads\/2021\/11\/20211121_132018-1536x864.jpg 1536w, https:\/\/bb2030.fuerbeispiele.ch\/wp-content\/uploads\/2021\/11\/20211121_132018-2048x1152.jpg 2048w, https:\/\/bb2030.fuerbeispiele.ch\/wp-content\/uploads\/2021\/11\/20211121_132018-920x518.jpg 920w, https:\/\/bb2030.fuerbeispiele.ch\/wp-content\/uploads\/2021\/11\/20211121_132018-230x129.jpg 230w, https:\/\/bb2030.fuerbeispiele.ch\/wp-content\/uploads\/2021\/11\/20211121_132018-350x197.jpg 350w, https:\/\/bb2030.fuerbeispiele.ch\/wp-content\/uploads\/2021\/11\/20211121_132018-480x270.jpg 480w\" sizes=\"auto, (max-width: 1024px) 100vw, 1024px\" \/><figcaption>&#8230; was dem Vision\u00e4r Adolf Gyer-Zeller leider verg\u00f6nnt war &#8211; geniessen und bewundern heute Gross und Klein aus aller Welt &#8211; Mehr \u00fcber den <a rel=\"noreferrer noopener\" href=\"https:\/\/www.jungfrau.ch\/de-ch\/jungfraujoch-top-of-europe\/bau-der-jungfraubahn\/\" target=\"_blank\">Bau der Jungfraubahnen<\/a> &#8230;<\/figcaption><\/figure>\n\n\n\n<h2 class=\"wp-block-heading\">Entwicklung und Trends<\/h2>\n\n\n\n<p>Die Schnelllebigkeit verlangt Flexibilit\u00e4t und Anpassungsf\u00e4higkeit. <\/p>\n\n\n\n<figure class=\"wp-block-image size-large\"><img loading=\"lazy\" decoding=\"async\" width=\"1024\" height=\"576\" src=\"https:\/\/bb2030.fuerbeispiele.ch\/wp-content\/uploads\/2021\/11\/20211121_132400-1024x576.jpg\" alt=\"\" class=\"wp-image-440\" srcset=\"https:\/\/bb2030.fuerbeispiele.ch\/wp-content\/uploads\/2021\/11\/20211121_132400-1024x576.jpg 1024w, https:\/\/bb2030.fuerbeispiele.ch\/wp-content\/uploads\/2021\/11\/20211121_132400-300x169.jpg 300w, https:\/\/bb2030.fuerbeispiele.ch\/wp-content\/uploads\/2021\/11\/20211121_132400-768x432.jpg 768w, https:\/\/bb2030.fuerbeispiele.ch\/wp-content\/uploads\/2021\/11\/20211121_132400-1536x864.jpg 1536w, https:\/\/bb2030.fuerbeispiele.ch\/wp-content\/uploads\/2021\/11\/20211121_132400-2048x1152.jpg 2048w, https:\/\/bb2030.fuerbeispiele.ch\/wp-content\/uploads\/2021\/11\/20211121_132400-920x518.jpg 920w, https:\/\/bb2030.fuerbeispiele.ch\/wp-content\/uploads\/2021\/11\/20211121_132400-230x129.jpg 230w, https:\/\/bb2030.fuerbeispiele.ch\/wp-content\/uploads\/2021\/11\/20211121_132400-350x197.jpg 350w, https:\/\/bb2030.fuerbeispiele.ch\/wp-content\/uploads\/2021\/11\/20211121_132400-480x270.jpg 480w\" sizes=\"auto, (max-width: 1024px) 100vw, 1024px\" \/><\/figure>\n\n\n\n<h2 class=\"wp-block-heading\">Chancen<\/h2>\n\n\n\n<p>Wir haben gute Chancen, aber wir k\u00f6nnten es auch leichtsinnig aufs Spiel setzen &#8230; Achtsamkeit ist gefragt.<\/p>\n\n\n\n<h2 class=\"wp-block-heading\">Fazit<\/h2>\n\n\n\n<p>Das Schweizerische Berufsbildungssystem ist heute im Jahr 2022 immer noch gut aufgestellt, aber andere L\u00e4nder schlafen nicht.   <\/p>\n\n\n\n<h2 class=\"wp-block-heading\">Projektpr\u00e4sentation<\/h2>\n\n\n\n<p><a href=\"https:\/\/bb2030.fuerbeispiele.ch\/?p=589\" data-type=\"URL\" data-id=\"https:\/\/bb2030.fuerbeispiele.ch\/?p=589\">Pr\u00e4sentation der Projektarbeit<\/a><\/p>\n","protected":false},"excerpt":{"rendered":"<p>Tradition und Innovation Unsere St\u00e4rken &#8211; Fachkr\u00e4fte aus ganz Europa haben diese [&hellip;]<\/p>\n","protected":false},"author":1,"featured_media":0,"parent":0,"menu_order":10,"comment_status":"closed","ping_status":"closed","template":"","meta":{"footnotes":""},"class_list":["post-12","page","type-page","status-publish","hentry"],"_links":{"self":[{"href":"https:\/\/bb2030.fuerbeispiele.ch\/index.php?rest_route=\/wp\/v2\/pages\/12","targetHints":{"allow":["GET"]}}],"collection":[{"href":"https:\/\/bb2030.fuerbeispiele.ch\/index.php?rest_route=\/wp\/v2\/pages"}],"about":[{"href":"https:\/\/bb2030.fuerbeispiele.ch\/index.php?rest_route=\/wp\/v2\/types\/page"}],"author":[{"embeddable":true,"href":"https:\/\/bb2030.fuerbeispiele.ch\/index.php?rest_route=\/wp\/v2\/users\/1"}],"replies":[{"embeddable":true,"href":"https:\/\/bb2030.fuerbeispiele.ch\/index.php?rest_route=%2Fwp%2Fv2%2Fcomments&post=12"}],"version-history":[{"count":82,"href":"https:\/\/bb2030.fuerbeispiele.ch\/index.php?rest_route=\/wp\/v2\/pages\/12\/revisions"}],"predecessor-version":[{"id":964,"href":"https:\/\/bb2030.fuerbeispiele.ch\/index.php?rest_route=\/wp\/v2\/pages\/12\/revisions\/964"}],"wp:attachment":[{"href":"https:\/\/bb2030.fuerbeispiele.ch\/index.php?rest_route=%2Fwp%2Fv2%2Fmedia&parent=12"}],"curies":[{"name":"wp","href":"https:\/\/api.w.org\/{rel}","templated":true}]}}